{"id":12371,"date":"2024-12-07T11:20:52","date_gmt":"2024-12-07T10:20:52","guid":{"rendered":"https:\/\/www.vente-foie-gras.net\/?post_type=product&#038;p=12371"},"modified":"2025-11-24T09:30:54","modified_gmt":"2025-11-24T08:30:54","slug":"tapenade-verte","status":"publish","type":"product","link":"https:\/\/www.vente-foie-gras.net\/en\/produit\/tapenade-verte\/","title":{"rendered":"Tapenade verte"},"content":{"rendered":"<h3>Pays d&#8217;origine :<\/h3>\n<p>France.<\/p>\n<h3>Fabrication :<\/h3>\n<p>Artisanale garantie.<\/p>\n<h3>Conseil d&#8217;utilisation :<\/h3>\n<p>Sur toast \u00e0 l&#8217;ap\u00e9ritif. Accompagne les tomates ou les crudit\u00e9s, original dans des omelettes. On peut aussi l&#8217;utiliser en cuisine, pour badigeonner une viande comme le lapin \u00e0 la tapenade.<\/p>\n<h3>Conservation :<\/h3>\n<p>3 ans.<\/p>\n<h3>Ingr\u00e9dients :<\/h3>\n<p>oilves vertes, huile d&#8217;oilve, c\u00e2pres, ail, cr\u00e8me d&#8217;anchois, plantes aromatiques.<\/p>\n<h3>Poids\/quantit\u00e9 :<\/h3>\n<p>pot de 80 grs<\/p>\n","protected":false},"excerpt":{"rendered":"<p><span style=\"color: #000000\">En sauce ou sur une tranche de pain grill\u00e9e, la saveur de cette tapenade vous surprendra.<\/span><\/p>\n","protected":false},"featured_media":12372,"template":"","meta":[],"product_cat":[204,208],"product_tag":[],"class_list":{"0":"post-12371","1":"product","2":"type-product","3":"status-publish","4":"has-post-thumbnail","6":"product_cat-pate-terrine-tapenade","7":"product_cat-bocal-en-verre","9":"first","10":"instock","11":"shipping-taxable","12":"purchasable","13":"product-type-simple","14":"add-to-wishlist-after_add_to_cart"},"_links":{"self":[{"href":"https:\/\/www.vente-foie-gras.net\/en\/wp-json\/wp\/v2\/product\/12371","targetHints":{"allow":["GET"]}}],"collection":[{"href":"https:\/\/www.vente-foie-gras.net\/en\/wp-json\/wp\/v2\/product"}],"about":[{"href":"https:\/\/www.vente-foie-gras.net\/en\/wp-json\/wp\/v2\/types\/product"}],"wp:featuredmedia":[{"embeddable":true,"href":"https:\/\/www.vente-foie-gras.net\/en\/wp-json\/wp\/v2\/media\/12372"}],"wp:attachment":[{"href":"https:\/\/www.vente-foie-gras.net\/en\/wp-json\/wp\/v2\/media?parent=12371"}],"wp:term":[{"taxonomy":"product_cat","embeddable":true,"href":"https:\/\/www.vente-foie-gras.net\/en\/wp-json\/wp\/v2\/product_cat?post=12371"},{"taxonomy":"product_tag","embeddable":true,"href":"https:\/\/www.vente-foie-gras.net\/en\/wp-json\/wp\/v2\/product_tag?post=12371"}],"curies":[{"name":"wp","href":"https:\/\/api.w.org\/{rel}","templated":true}]}}