{"id":9933,"date":"2024-06-26T13:03:15","date_gmt":"2024-06-26T11:03:15","guid":{"rendered":"https:\/\/www.vente-foie-gras.net\/?page_id=9933"},"modified":"2024-06-27T11:37:45","modified_gmt":"2024-06-27T09:37:45","slug":"astuces","status":"publish","type":"page","link":"https:\/\/www.vente-foie-gras.net\/en\/astuces\/","title":{"rendered":"Tips"},"content":{"rendered":"\t\t<div data-elementor-type=\"wp-page\" data-elementor-id=\"9933\" class=\"elementor elementor-9933 elementor-9779\">\n\t\t\t\t<div class=\"elementor-element elementor-element-47ba487 e-flex e-con-boxed e-con e-parent\" data-id=\"47ba487\" data-element_type=\"container\">\n\t\t\t\t\t<div class=\"e-con-inner\">\n\t\t\t\t<div class=\"elementor-element elementor-element-5353a2d elementor-widget elementor-widget-heading\" data-id=\"5353a2d\" data-element_type=\"widget\" data-widget_type=\"heading.default\">\n\t\t\t\t<div class=\"elementor-widget-container\">\n\t\t\t\t\t<h2 class=\"elementor-heading-title elementor-size-default\">Tips<\/h2>\t\t\t\t<\/div>\n\t\t\t\t<\/div>\n\t\t\t\t<div class=\"elementor-element elementor-element-d64a3fa elementor-widget-divider--view-line elementor-widget elementor-widget-divider\" data-id=\"d64a3fa\" data-element_type=\"widget\" data-widget_type=\"divider.default\">\n\t\t\t\t<div class=\"elementor-widget-container\">\n\t\t\t\t\t\t\t<div class=\"elementor-divider\">\n\t\t\t<span class=\"elementor-divider-separator\">\n\t\t\t\t\t\t<\/span>\n\t\t<\/div>\n\t\t\t\t\t\t<\/div>\n\t\t\t\t<\/div>\n\t\t\t\t<div class=\"elementor-element elementor-element-58ecf3d elementor-widget elementor-widget-heading\" data-id=\"58ecf3d\" data-element_type=\"widget\" data-widget_type=\"heading.default\">\n\t\t\t\t<div class=\"elementor-widget-container\">\n\t\t\t\t\t<h5 class=\"elementor-heading-title elementor-size-default\"> To slice foie gras\n<\/h5>\t\t\t\t<\/div>\n\t\t\t\t<\/div>\n\t\t\t\t<div class=\"elementor-element elementor-element-fb2fa5d elementor-widget elementor-widget-text-editor\" data-id=\"fb2fa5d\" data-element_type=\"widget\" data-widget_type=\"text-editor.default\">\n\t\t\t\t<div class=\"elementor-widget-container\">\n\t\t\t\t\t\t\t\t\t<p>Use a thin-bladed knife or a lyre. Soak in very hot water and wipe dry between each cut.<\/p>\n\t\t\t\t\t\t\t\t<\/div>\n\t\t\t\t<\/div>\n\t\t\t\t<div class=\"elementor-element elementor-element-ff84a3b elementor-widget elementor-widget-heading\" data-id=\"ff84a3b\" data-element_type=\"widget\" data-widget_type=\"heading.default\">\n\t\t\t\t<div class=\"elementor-widget-container\">\n\t\t\t\t\t<h5 class=\"elementor-heading-title elementor-size-default\">To unmould a jar of foie gras\n<\/h5>\t\t\t\t<\/div>\n\t\t\t\t<\/div>\n\t\t\t\t<div class=\"elementor-element elementor-element-6a41b3e elementor-widget elementor-widget-text-editor\" data-id=\"6a41b3e\" data-element_type=\"widget\" data-widget_type=\"text-editor.default\">\n\t\t\t\t<div class=\"elementor-widget-container\">\n\t\t\t\t\t\t\t\t\t<p>Turn the jar upside down under the tap of boiling water for 3 to 5 seconds. Poser aussit\u00f4t sur la planche \u00e0 d\u00e9couper. If it&#8217;s a can, also run under boiling water quickly, then open both sides and keep one of the lids for pushing.<\/p>\n\t\t\t\t\t\t\t\t<\/div>\n\t\t\t\t<\/div>\n\t\t\t\t\t<\/div>\n\t\t\t\t<\/div>\n\t\t\t\t<\/div>\n\t\t","protected":false},"excerpt":{"rendered":"<p>Tips To slice foie gras Use a thin-bladed knife or a lyre. Soak in very hot water and wipe dry between each cut. To unmould a jar of foie gras Turn the jar upside down under the tap of boiling water for 3 to 5 seconds. Poser aussit\u00f4t sur la planche \u00e0 d\u00e9couper. If it&#8217;s [&hellip;]<\/p>\n","protected":false},"author":1,"featured_media":0,"parent":0,"menu_order":0,"comment_status":"closed","ping_status":"closed","template":"page-full-width.php","meta":{"footnotes":""},"class_list":["post-9933","page","type-page","status-publish","hentry"],"_links":{"self":[{"href":"https:\/\/www.vente-foie-gras.net\/en\/wp-json\/wp\/v2\/pages\/9933","targetHints":{"allow":["GET"]}}],"collection":[{"href":"https:\/\/www.vente-foie-gras.net\/en\/wp-json\/wp\/v2\/pages"}],"about":[{"href":"https:\/\/www.vente-foie-gras.net\/en\/wp-json\/wp\/v2\/types\/page"}],"author":[{"embeddable":true,"href":"https:\/\/www.vente-foie-gras.net\/en\/wp-json\/wp\/v2\/users\/1"}],"replies":[{"embeddable":true,"href":"https:\/\/www.vente-foie-gras.net\/en\/wp-json\/wp\/v2\/comments?post=9933"}],"version-history":[{"count":3,"href":"https:\/\/www.vente-foie-gras.net\/en\/wp-json\/wp\/v2\/pages\/9933\/revisions"}],"predecessor-version":[{"id":9936,"href":"https:\/\/www.vente-foie-gras.net\/en\/wp-json\/wp\/v2\/pages\/9933\/revisions\/9936"}],"wp:attachment":[{"href":"https:\/\/www.vente-foie-gras.net\/en\/wp-json\/wp\/v2\/media?parent=9933"}],"curies":[{"name":"wp","href":"https:\/\/api.w.org\/{rel}","templated":true}]}}